{"id":109,"date":"2025-03-11T14:07:17","date_gmt":"2025-03-11T14:07:17","guid":{"rendered":"https:\/\/altadesign.fi\/index.php\/home-suomi\/"},"modified":"2025-03-19T15:43:23","modified_gmt":"2025-03-19T15:43:23","slug":"koti","status":"publish","type":"page","link":"https:\/\/altadesign.fi\/index.php\/fi\/koti\/","title":{"rendered":"Koti"},"content":{"rendered":"\n<div class=\"gb-element-1e2d8c23\"><div class=\"wp-block-image\">\n<figure class=\"aligncenter size-full\"><img loading=\"lazy\" decoding=\"async\" width=\"607\" height=\"170\" src=\"https:\/\/altadesign.fi\/wp-content\/uploads\/2025\/03\/asset-26-1.png\" alt=\"\" class=\"wp-image-126\" srcset=\"https:\/\/altadesign.fi\/wp-content\/uploads\/2025\/03\/asset-26-1.png 607w, https:\/\/altadesign.fi\/wp-content\/uploads\/2025\/03\/asset-26-1-300x84.png 300w\" sizes=\"auto, (max-width: 607px) 100vw, 607px\" \/><\/figure>\n<\/div><\/div>\n\n\n\n<div class=\"gb-element-ac25b8b3\">\n<h2 class=\"gb-text gb-text-6a878898\">Luova toimisto, joka yhdist\u00e4\u00e4 innovaation ja identiteetin.<\/h2>\n\n\n\n<p class=\"gb-text gb-text-0b168769\">Alta Design tarjoaa vaikuttavaa ja strategista palvelumuotoilua, br\u00e4ndisuunnittelua ja muotoilun asiantuntijapalveluita. Tavoitteenamme on luoda merkityksellisi\u00e4 kokemuksia, rakentaa mieleenpainuvia br\u00e4ndej\u00e4 ja ohjata yrityksi\u00e4 kohti luovaa strategista kyvykkyytt\u00e4.<\/p>\n<\/div>\n\n\n\n<div>\n<div class=\"wp-block-columns is-layout-flex wp-container-core-columns-is-layout-9d6595d7 wp-block-columns-is-layout-flex\">\n<div class=\"wp-block-column is-layout-flow wp-block-column-is-layout-flow\">\n<h2 class=\"gb-text gb-text-7ecf55bc\"><a href=\"https:\/\/altadesign.fi\/index.php\/fi\/palvelut\/\">Palvelumuotoilu<\/a><\/h2>\n<\/div>\n\n\n\n<div class=\"wp-block-column is-layout-flow wp-block-column-is-layout-flow\">\n<h2 class=\"gb-text gb-text-27c81f37\"><a href=\"https:\/\/altadesign.fi\/index.php\/fi\/palvelut\/\">Br\u00e4ndisuunnittelu<\/a><\/h2>\n<\/div>\n\n\n\n<div class=\"wp-block-column is-layout-flow wp-block-column-is-layout-flow\">\n<h2 class=\"gb-text gb-text-7e383aa2\"><a href=\"https:\/\/altadesign.fi\/index.php\/fi\/palvelut\/\">Neuvontapalvelut<\/a><\/h2>\n<\/div>\n<\/div>\n<\/div>\n","protected":false},"excerpt":{"rendered":"<p>Luova toimisto, joka yhdist\u00e4\u00e4 innovaation ja identiteetin. Alta Design tarjoaa vaikuttavaa ja strategista palvelumuotoilua, br\u00e4ndisuunnittelua ja muotoilun asiantuntijapalveluita. Tavoitteenamme on luoda merkityksellisi\u00e4 kokemuksia, rakentaa mieleenpainuvia br\u00e4ndej\u00e4 ja ohjata yrityksi\u00e4 kohti luovaa strategista kyvykkyytt\u00e4. Palvelumuotoilu Br\u00e4ndisuunnittelu Neuvontapalvelut<\/p>\n","protected":false},"author":1,"featured_media":0,"parent":0,"menu_order":0,"comment_status":"closed","ping_status":"closed","template":"","meta":{"footnotes":""},"class_list":["post-109","page","type-page","status-publish"],"yoast_head":"<!-- This site is optimized with the Yoast SEO plugin v27.4 - https:\/\/yoast.com\/product\/yoast-seo-wordpress\/ -->\n<title>Koti - Alta Design<\/title>\n<meta name=\"description\" content=\"Alta Design - Strategisen kehitt\u00e4misen luova toimisto. Palvelumuotoilu, Br\u00e4ndisuunnittelu (logosuunnittelu), Neuvonta &amp; koulutuspalvelut.\" \/>\n<meta name=\"robots\" content=\"index, follow, max-snippet:-1, max-image-preview:large, max-video-preview:-1\" \/>\n<link rel=\"canonical\" href=\"https:\/\/altadesign.fi\/index.php\/fi\/koti\/\" \/>\n<meta property=\"og:locale\" content=\"fi_FI\" \/>\n<meta property=\"og:type\" content=\"article\" \/>\n<meta property=\"og:title\" content=\"Koti - Alta Design\" \/>\n<meta property=\"og:description\" content=\"Alta Design - Strategisen kehitt\u00e4misen luova toimisto. Palvelumuotoilu, Br\u00e4ndisuunnittelu (logosuunnittelu), Neuvonta &amp; koulutuspalvelut.\" \/>\n<meta property=\"og:url\" content=\"https:\/\/altadesign.fi\/index.php\/fi\/koti\/\" \/>\n<meta property=\"og:site_name\" content=\"Alta Design\" \/>\n<meta property=\"article:modified_time\" content=\"2025-03-19T15:43:23+00:00\" \/>\n<meta property=\"og:image\" content=\"https:\/\/altadesign.fi\/wp-content\/uploads\/2025\/03\/asset-26-1.png\" \/>\n\t<meta property=\"og:image:width\" content=\"607\" \/>\n\t<meta property=\"og:image:height\" content=\"170\" \/>\n\t<meta property=\"og:image:type\" content=\"image\/png\" \/>\n<meta name=\"twitter:card\" content=\"summary_large_image\" \/>\n<meta name=\"twitter:label1\" content=\"Arvioitu lukuaika\" \/>\n\t<meta name=\"twitter:data1\" content=\"1 minuutti\" \/>\n<script type=\"application\/ld+json\" class=\"yoast-schema-graph\">{\"@context\":\"https:\\\/\\\/schema.org\",\"@graph\":[{\"@type\":\"WebPage\",\"@id\":\"https:\\\/\\\/altadesign.fi\\\/index.php\\\/fi\\\/koti\\\/\",\"url\":\"https:\\\/\\\/altadesign.fi\\\/index.php\\\/fi\\\/koti\\\/\",\"name\":\"Koti - Alta Design\",\"isPartOf\":{\"@id\":\"https:\\\/\\\/altadesign.fi\\\/#website\"},\"primaryImageOfPage\":{\"@id\":\"https:\\\/\\\/altadesign.fi\\\/index.php\\\/fi\\\/koti\\\/#primaryimage\"},\"image\":{\"@id\":\"https:\\\/\\\/altadesign.fi\\\/index.php\\\/fi\\\/koti\\\/#primaryimage\"},\"thumbnailUrl\":\"https:\\\/\\\/altadesign.fi\\\/wp-content\\\/uploads\\\/2025\\\/03\\\/asset-26-1.png\",\"datePublished\":\"2025-03-11T14:07:17+00:00\",\"dateModified\":\"2025-03-19T15:43:23+00:00\",\"description\":\"Alta Design - Strategisen kehitt\u00e4misen luova toimisto. Palvelumuotoilu, Br\u00e4ndisuunnittelu (logosuunnittelu), Neuvonta & koulutuspalvelut.\",\"breadcrumb\":{\"@id\":\"https:\\\/\\\/altadesign.fi\\\/index.php\\\/fi\\\/koti\\\/#breadcrumb\"},\"inLanguage\":\"fi\",\"potentialAction\":[{\"@type\":\"ReadAction\",\"target\":[\"https:\\\/\\\/altadesign.fi\\\/index.php\\\/fi\\\/koti\\\/\"]}]},{\"@type\":\"ImageObject\",\"inLanguage\":\"fi\",\"@id\":\"https:\\\/\\\/altadesign.fi\\\/index.php\\\/fi\\\/koti\\\/#primaryimage\",\"url\":\"https:\\\/\\\/altadesign.fi\\\/wp-content\\\/uploads\\\/2025\\\/03\\\/asset-26-1.png\",\"contentUrl\":\"https:\\\/\\\/altadesign.fi\\\/wp-content\\\/uploads\\\/2025\\\/03\\\/asset-26-1.png\",\"width\":607,\"height\":170,\"caption\":\"Service Design, Concept Design, Strategic Design, Brand Design, Logo Design Palvelumuotoilu, Konseptisuunnittelu, Strateginen muotoilu, Logosuunnittelu, Br\u00e4ndisuunnittelu\"},{\"@type\":\"BreadcrumbList\",\"@id\":\"https:\\\/\\\/altadesign.fi\\\/index.php\\\/fi\\\/koti\\\/#breadcrumb\",\"itemListElement\":[{\"@type\":\"ListItem\",\"position\":1,\"name\":\"Etusivu\",\"item\":\"https:\\\/\\\/altadesign.fi\\\/index.php\\\/fi\\\/koti\\\/\"},{\"@type\":\"ListItem\",\"position\":2,\"name\":\"Koti\"}]},{\"@type\":\"WebSite\",\"@id\":\"https:\\\/\\\/altadesign.fi\\\/#website\",\"url\":\"https:\\\/\\\/altadesign.fi\\\/\",\"name\":\"Alta Design\",\"description\":\"Alta Design - Creative office | Service Design, Brand Design, Design advisory. Palvelumuotoilu, Br\u00e4ndisuunnittelu, Logosuunnittelu, Muotoilun asiantuntijapalvelut\",\"publisher\":{\"@id\":\"https:\\\/\\\/altadesign.fi\\\/#organization\"},\"potentialAction\":[{\"@type\":\"SearchAction\",\"target\":{\"@type\":\"EntryPoint\",\"urlTemplate\":\"https:\\\/\\\/altadesign.fi\\\/?s={search_term_string}\"},\"query-input\":{\"@type\":\"PropertyValueSpecification\",\"valueRequired\":true,\"valueName\":\"search_term_string\"}}],\"inLanguage\":\"fi\"},{\"@type\":\"Organization\",\"@id\":\"https:\\\/\\\/altadesign.fi\\\/#organization\",\"name\":\"Alta Design\",\"url\":\"https:\\\/\\\/altadesign.fi\\\/\",\"logo\":{\"@type\":\"ImageObject\",\"inLanguage\":\"fi\",\"@id\":\"https:\\\/\\\/altadesign.fi\\\/#\\\/schema\\\/logo\\\/image\\\/\",\"url\":\"https:\\\/\\\/altadesign.fi\\\/wp-content\\\/uploads\\\/2025\\\/03\\\/160x103_web-logo-1.png\",\"contentUrl\":\"https:\\\/\\\/altadesign.fi\\\/wp-content\\\/uploads\\\/2025\\\/03\\\/160x103_web-logo-1.png\",\"width\":161,\"height\":102,\"caption\":\"Alta Design\"},\"image\":{\"@id\":\"https:\\\/\\\/altadesign.fi\\\/#\\\/schema\\\/logo\\\/image\\\/\"}}]}<\/script>\n<!-- \/ Yoast SEO plugin. -->","yoast_head_json":{"title":"Koti - Alta Design","description":"Alta Design - Strategisen kehitt\u00e4misen luova toimisto. Palvelumuotoilu, Br\u00e4ndisuunnittelu (logosuunnittelu), Neuvonta & koulutuspalvelut.","robots":{"index":"index","follow":"follow","max-snippet":"max-snippet:-1","max-image-preview":"max-image-preview:large","max-video-preview":"max-video-preview:-1"},"canonical":"https:\/\/altadesign.fi\/index.php\/fi\/koti\/","og_locale":"fi_FI","og_type":"article","og_title":"Koti - Alta Design","og_description":"Alta Design - Strategisen kehitt\u00e4misen luova toimisto. Palvelumuotoilu, Br\u00e4ndisuunnittelu (logosuunnittelu), Neuvonta & koulutuspalvelut.","og_url":"https:\/\/altadesign.fi\/index.php\/fi\/koti\/","og_site_name":"Alta Design","article_modified_time":"2025-03-19T15:43:23+00:00","og_image":[{"width":607,"height":170,"url":"https:\/\/altadesign.fi\/wp-content\/uploads\/2025\/03\/asset-26-1.png","type":"image\/png"}],"twitter_card":"summary_large_image","twitter_misc":{"Arvioitu lukuaika":"1 minuutti"},"schema":{"@context":"https:\/\/schema.org","@graph":[{"@type":"WebPage","@id":"https:\/\/altadesign.fi\/index.php\/fi\/koti\/","url":"https:\/\/altadesign.fi\/index.php\/fi\/koti\/","name":"Koti - Alta Design","isPartOf":{"@id":"https:\/\/altadesign.fi\/#website"},"primaryImageOfPage":{"@id":"https:\/\/altadesign.fi\/index.php\/fi\/koti\/#primaryimage"},"image":{"@id":"https:\/\/altadesign.fi\/index.php\/fi\/koti\/#primaryimage"},"thumbnailUrl":"https:\/\/altadesign.fi\/wp-content\/uploads\/2025\/03\/asset-26-1.png","datePublished":"2025-03-11T14:07:17+00:00","dateModified":"2025-03-19T15:43:23+00:00","description":"Alta Design - Strategisen kehitt\u00e4misen luova toimisto. Palvelumuotoilu, Br\u00e4ndisuunnittelu (logosuunnittelu), Neuvonta & koulutuspalvelut.","breadcrumb":{"@id":"https:\/\/altadesign.fi\/index.php\/fi\/koti\/#breadcrumb"},"inLanguage":"fi","potentialAction":[{"@type":"ReadAction","target":["https:\/\/altadesign.fi\/index.php\/fi\/koti\/"]}]},{"@type":"ImageObject","inLanguage":"fi","@id":"https:\/\/altadesign.fi\/index.php\/fi\/koti\/#primaryimage","url":"https:\/\/altadesign.fi\/wp-content\/uploads\/2025\/03\/asset-26-1.png","contentUrl":"https:\/\/altadesign.fi\/wp-content\/uploads\/2025\/03\/asset-26-1.png","width":607,"height":170,"caption":"Service Design, Concept Design, Strategic Design, Brand Design, Logo Design Palvelumuotoilu, Konseptisuunnittelu, Strateginen muotoilu, Logosuunnittelu, Br\u00e4ndisuunnittelu"},{"@type":"BreadcrumbList","@id":"https:\/\/altadesign.fi\/index.php\/fi\/koti\/#breadcrumb","itemListElement":[{"@type":"ListItem","position":1,"name":"Etusivu","item":"https:\/\/altadesign.fi\/index.php\/fi\/koti\/"},{"@type":"ListItem","position":2,"name":"Koti"}]},{"@type":"WebSite","@id":"https:\/\/altadesign.fi\/#website","url":"https:\/\/altadesign.fi\/","name":"Alta Design","description":"Alta Design - Creative office | Service Design, Brand Design, Design advisory. Palvelumuotoilu, Br\u00e4ndisuunnittelu, Logosuunnittelu, Muotoilun asiantuntijapalvelut","publisher":{"@id":"https:\/\/altadesign.fi\/#organization"},"potentialAction":[{"@type":"SearchAction","target":{"@type":"EntryPoint","urlTemplate":"https:\/\/altadesign.fi\/?s={search_term_string}"},"query-input":{"@type":"PropertyValueSpecification","valueRequired":true,"valueName":"search_term_string"}}],"inLanguage":"fi"},{"@type":"Organization","@id":"https:\/\/altadesign.fi\/#organization","name":"Alta Design","url":"https:\/\/altadesign.fi\/","logo":{"@type":"ImageObject","inLanguage":"fi","@id":"https:\/\/altadesign.fi\/#\/schema\/logo\/image\/","url":"https:\/\/altadesign.fi\/wp-content\/uploads\/2025\/03\/160x103_web-logo-1.png","contentUrl":"https:\/\/altadesign.fi\/wp-content\/uploads\/2025\/03\/160x103_web-logo-1.png","width":161,"height":102,"caption":"Alta Design"},"image":{"@id":"https:\/\/altadesign.fi\/#\/schema\/logo\/image\/"}}]}},"_links":{"self":[{"href":"https:\/\/altadesign.fi\/index.php\/wp-json\/wp\/v2\/pages\/109","targetHints":{"allow":["GET"]}}],"collection":[{"href":"https:\/\/altadesign.fi\/index.php\/wp-json\/wp\/v2\/pages"}],"about":[{"href":"https:\/\/altadesign.fi\/index.php\/wp-json\/wp\/v2\/types\/page"}],"author":[{"embeddable":true,"href":"https:\/\/altadesign.fi\/index.php\/wp-json\/wp\/v2\/users\/1"}],"replies":[{"embeddable":true,"href":"https:\/\/altadesign.fi\/index.php\/wp-json\/wp\/v2\/comments?post=109"}],"version-history":[{"count":25,"href":"https:\/\/altadesign.fi\/index.php\/wp-json\/wp\/v2\/pages\/109\/revisions"}],"predecessor-version":[{"id":233,"href":"https:\/\/altadesign.fi\/index.php\/wp-json\/wp\/v2\/pages\/109\/revisions\/233"}],"wp:attachment":[{"href":"https:\/\/altadesign.fi\/index.php\/wp-json\/wp\/v2\/media?parent=109"}],"curies":[{"name":"wp","href":"https:\/\/api.w.org\/{rel}","templated":true}]}}