{"id":110,"date":"2025-03-11T14:57:19","date_gmt":"2025-03-11T14:57:19","guid":{"rendered":"https:\/\/altadesign.fi\/?page_id=110"},"modified":"2025-09-30T06:07:12","modified_gmt":"2025-09-30T06:07:12","slug":"yhteydenotto-lomake","status":"publish","type":"page","link":"https:\/\/altadesign.fi\/index.php\/fi\/yhteydenotto-lomake\/","title":{"rendered":"Yhteydenotto"},"content":{"rendered":"\n<div class=\"gb-element-34bd81e8\">\n<h2 class=\"wp-block-heading has-text-align-left\" style=\"letter-spacing:2px\">Yhteydenotto<\/h2>\n<\/div>\n\n\n\n<div class=\"gb-element-bd5b1f70\">\n<h1 class=\"gb-text gb-text-22e48b65\">Haluaisitko kehitt\u00e4\u00e4 tuotteitasi paremmaksi tai sujuvoittaa tarjoamiasi palveluja palvelumuotoilun avulla? Kaipaako br\u00e4ndisi ehostamista? Haluatko kuulla lis\u00e4\u00e4 k\u00e4ytt\u00e4j\u00e4keskeisen suunnittelun hy\u00f6dyist\u00e4, tai siit\u00e4 kuinka nostaa muotoilun kypsyytt\u00e4  organisaatiossasi?<\/h1>\n\n\n\n<p>Katsotaan, miten voimme toteuttaa suunnitelmia yhdess\u00e4. Ota yhteytt\u00e4 alla olevalla lomakkeella.<\/p>\n<\/div>\n\n\n\n<div>\n<div class=\"wp-block-contact-form-7-contact-form-selector\">\n<div class=\"wpcf7 no-js\" id=\"wpcf7-f112-o1\" lang=\"fi\" dir=\"ltr\" data-wpcf7-id=\"112\">\n<div class=\"screen-reader-response\"><p role=\"status\" aria-live=\"polite\" aria-atomic=\"true\"><\/p> <ul><\/ul><\/div>\n<form action=\"\/index.php\/wp-json\/wp\/v2\/pages\/110#wpcf7-f112-o1\" method=\"post\" class=\"wpcf7-form init\" aria-label=\"Yhteydenottolomake\" novalidate=\"novalidate\" data-status=\"init\">\n<fieldset class=\"hidden-fields-container\"><input type=\"hidden\" name=\"_wpcf7\" value=\"112\" \/><input type=\"hidden\" name=\"_wpcf7_version\" value=\"6.1.5\" \/><input type=\"hidden\" name=\"_wpcf7_locale\" value=\"fi\" \/><input type=\"hidden\" name=\"_wpcf7_unit_tag\" value=\"wpcf7-f112-o1\" \/><input type=\"hidden\" name=\"_wpcf7_container_post\" value=\"0\" \/><input type=\"hidden\" name=\"_wpcf7_posted_data_hash\" value=\"\" \/>\n<\/fieldset>\n<p><label> Nimi<br \/>\n<span class=\"wpcf7-form-control-wrap\" data-name=\"your-name\"><input size=\"40\" maxlength=\"400\" class=\"wpcf7-form-control wpcf7-text wpcf7-validates-as-required\" autocomplete=\"name\" aria-required=\"true\" aria-invalid=\"false\" value=\"\" type=\"text\" name=\"your-name\" \/><\/span> <\/label>\n<\/p>\n<p><label> Yritys<br \/>\n<span class=\"wpcf7-form-control-wrap\" data-name=\"text-176\"><input size=\"40\" maxlength=\"400\" class=\"wpcf7-form-control wpcf7-text\" aria-invalid=\"false\" value=\"\" type=\"text\" name=\"text-176\" \/><\/span> <\/label>\n<\/p>\n<p><label> S\u00e4hk\u00f6postiosoite<br \/>\n<span class=\"wpcf7-form-control-wrap\" data-name=\"your-email\"><input size=\"40\" maxlength=\"400\" class=\"wpcf7-form-control wpcf7-email wpcf7-validates-as-required wpcf7-text wpcf7-validates-as-email\" autocomplete=\"email\" aria-required=\"true\" aria-invalid=\"false\" value=\"\" type=\"email\" name=\"your-email\" \/><\/span> <\/label>\n<\/p>\n<p><label> Aihe<br \/>\n<span class=\"wpcf7-form-control-wrap\" data-name=\"your-subject\"><input size=\"40\" maxlength=\"400\" class=\"wpcf7-form-control wpcf7-text wpcf7-validates-as-required\" aria-required=\"true\" aria-invalid=\"false\" value=\"\" type=\"text\" name=\"your-subject\" \/><\/span> <\/label>\n<\/p>\n<p><label> Viesti<br \/>\n<span class=\"wpcf7-form-control-wrap\" data-name=\"your-message\"><textarea cols=\"40\" rows=\"10\" maxlength=\"2000\" class=\"wpcf7-form-control wpcf7-textarea\" aria-invalid=\"false\" name=\"your-message\"><\/textarea><\/span> <\/label>\n<\/p>\n<p><input class=\"wpcf7-form-control wpcf7-submit has-spinner\" type=\"submit\" value=\"L\u00e4het\u00e4\" \/>\n<\/p><p style=\"display: none !important;\" class=\"akismet-fields-container\" data-prefix=\"_wpcf7_ak_\"><label>&#916;<textarea name=\"_wpcf7_ak_hp_textarea\" cols=\"45\" rows=\"8\" maxlength=\"100\"><\/textarea><\/label><input type=\"hidden\" id=\"ak_js_1\" name=\"_wpcf7_ak_js\" value=\"195\"\/><script>document.getElementById( \"ak_js_1\" ).setAttribute( \"value\", ( new Date() ).getTime() );<\/script><\/p><div class=\"wpcf7-response-output\" aria-hidden=\"true\"><\/div>\n<\/form>\n<\/div>\n<\/div>\n<\/div>\n\n\n\n<div>\n<p class=\"gb-text\"><a href=\"https:\/\/altadesign.fi\/index.php\/tietosuojailmoitus-privacy-notice\/\">Tietosuojailmoitus<\/a><\/p>\n<\/div>\n","protected":false},"excerpt":{"rendered":"<p>Yhteydenotto Haluaisitko kehitt\u00e4\u00e4 tuotteitasi paremmaksi tai sujuvoittaa tarjoamiasi palveluja palvelumuotoilun avulla? Kaipaako br\u00e4ndisi ehostamista? Haluatko kuulla lis\u00e4\u00e4 k\u00e4ytt\u00e4j\u00e4keskeisen suunnittelun hy\u00f6dyist\u00e4, tai siit\u00e4 kuinka nostaa muotoilun kypsyytt\u00e4 organisaatiossasi? Katsotaan, miten voimme toteuttaa suunnitelmia yhdess\u00e4. Ota yhteytt\u00e4 alla olevalla lomakkeella. Tietosuojailmoitus<\/p>\n","protected":false},"author":1,"featured_media":0,"parent":0,"menu_order":0,"comment_status":"closed","ping_status":"closed","template":"","meta":{"footnotes":""},"class_list":["post-110","page","type-page","status-publish"],"yoast_head":"<!-- This site is optimized with the Yoast SEO plugin v27.3 - https:\/\/yoast.com\/product\/yoast-seo-wordpress\/ -->\n<title>Yhteydenotto - Alta Design<\/title>\n<meta name=\"description\" content=\"Yhteydenottolomake. Sijainti: Uusimaa (Helsinki), Kymenlaakso (Kouvola), P\u00e4ij\u00e4t-H\u00e4me (Lahti)? Parempi palvelu\/ logo\/ br\u00e4ndi? Ota yhteytt\u00e4!\" \/>\n<meta name=\"robots\" content=\"index, follow, max-snippet:-1, max-image-preview:large, max-video-preview:-1\" \/>\n<link rel=\"canonical\" href=\"https:\/\/altadesign.fi\/index.php\/fi\/yhteydenotto-lomake\/\" \/>\n<meta property=\"og:locale\" content=\"fi_FI\" \/>\n<meta property=\"og:type\" content=\"article\" \/>\n<meta property=\"og:title\" content=\"Yhteydenotto - Alta Design\" \/>\n<meta property=\"og:description\" content=\"Yhteydenottolomake. Sijainti: Uusimaa (Helsinki), Kymenlaakso (Kouvola), P\u00e4ij\u00e4t-H\u00e4me (Lahti)? Parempi palvelu\/ logo\/ br\u00e4ndi? Ota yhteytt\u00e4!\" \/>\n<meta property=\"og:url\" content=\"https:\/\/altadesign.fi\/index.php\/fi\/yhteydenotto-lomake\/\" \/>\n<meta property=\"og:site_name\" content=\"Alta Design\" \/>\n<meta property=\"article:modified_time\" content=\"2025-09-30T06:07:12+00:00\" \/>\n<meta name=\"twitter:card\" content=\"summary_large_image\" \/>\n<meta name=\"twitter:label1\" content=\"Arvioitu lukuaika\" \/>\n\t<meta name=\"twitter:data1\" content=\"1 minuutti\" \/>\n<script type=\"application\/ld+json\" class=\"yoast-schema-graph\">{\"@context\":\"https:\\\/\\\/schema.org\",\"@graph\":[{\"@type\":\"WebPage\",\"@id\":\"https:\\\/\\\/altadesign.fi\\\/index.php\\\/fi\\\/yhteydenotto-lomake\\\/\",\"url\":\"https:\\\/\\\/altadesign.fi\\\/index.php\\\/fi\\\/yhteydenotto-lomake\\\/\",\"name\":\"Yhteydenotto - Alta Design\",\"isPartOf\":{\"@id\":\"https:\\\/\\\/altadesign.fi\\\/#website\"},\"datePublished\":\"2025-03-11T14:57:19+00:00\",\"dateModified\":\"2025-09-30T06:07:12+00:00\",\"description\":\"Yhteydenottolomake. Sijainti: Uusimaa (Helsinki), Kymenlaakso (Kouvola), P\u00e4ij\u00e4t-H\u00e4me (Lahti)? Parempi palvelu\\\/ logo\\\/ br\u00e4ndi? Ota yhteytt\u00e4!\",\"breadcrumb\":{\"@id\":\"https:\\\/\\\/altadesign.fi\\\/index.php\\\/fi\\\/yhteydenotto-lomake\\\/#breadcrumb\"},\"inLanguage\":\"fi\",\"potentialAction\":[{\"@type\":\"ReadAction\",\"target\":[\"https:\\\/\\\/altadesign.fi\\\/index.php\\\/fi\\\/yhteydenotto-lomake\\\/\"]}]},{\"@type\":\"BreadcrumbList\",\"@id\":\"https:\\\/\\\/altadesign.fi\\\/index.php\\\/fi\\\/yhteydenotto-lomake\\\/#breadcrumb\",\"itemListElement\":[{\"@type\":\"ListItem\",\"position\":1,\"name\":\"Etusivu\",\"item\":\"https:\\\/\\\/altadesign.fi\\\/index.php\\\/fi\\\/koti\\\/\"},{\"@type\":\"ListItem\",\"position\":2,\"name\":\"Yhteydenotto\"}]},{\"@type\":\"WebSite\",\"@id\":\"https:\\\/\\\/altadesign.fi\\\/#website\",\"url\":\"https:\\\/\\\/altadesign.fi\\\/\",\"name\":\"Alta Design\",\"description\":\"Alta Design - Creative office | Service Design, Brand Design, Design advisory. Palvelumuotoilu, Br\u00e4ndisuunnittelu, Logosuunnittelu, Muotoilun asiantuntijapalvelut\",\"publisher\":{\"@id\":\"https:\\\/\\\/altadesign.fi\\\/#organization\"},\"potentialAction\":[{\"@type\":\"SearchAction\",\"target\":{\"@type\":\"EntryPoint\",\"urlTemplate\":\"https:\\\/\\\/altadesign.fi\\\/?s={search_term_string}\"},\"query-input\":{\"@type\":\"PropertyValueSpecification\",\"valueRequired\":true,\"valueName\":\"search_term_string\"}}],\"inLanguage\":\"fi\"},{\"@type\":\"Organization\",\"@id\":\"https:\\\/\\\/altadesign.fi\\\/#organization\",\"name\":\"Alta Design\",\"url\":\"https:\\\/\\\/altadesign.fi\\\/\",\"logo\":{\"@type\":\"ImageObject\",\"inLanguage\":\"fi\",\"@id\":\"https:\\\/\\\/altadesign.fi\\\/#\\\/schema\\\/logo\\\/image\\\/\",\"url\":\"https:\\\/\\\/altadesign.fi\\\/wp-content\\\/uploads\\\/2025\\\/03\\\/160x103_web-logo-1.png\",\"contentUrl\":\"https:\\\/\\\/altadesign.fi\\\/wp-content\\\/uploads\\\/2025\\\/03\\\/160x103_web-logo-1.png\",\"width\":161,\"height\":102,\"caption\":\"Alta Design\"},\"image\":{\"@id\":\"https:\\\/\\\/altadesign.fi\\\/#\\\/schema\\\/logo\\\/image\\\/\"}}]}<\/script>\n<!-- \/ Yoast SEO plugin. -->","yoast_head_json":{"title":"Yhteydenotto - Alta Design","description":"Yhteydenottolomake. Sijainti: Uusimaa (Helsinki), Kymenlaakso (Kouvola), P\u00e4ij\u00e4t-H\u00e4me (Lahti)? Parempi palvelu\/ logo\/ br\u00e4ndi? Ota yhteytt\u00e4!","robots":{"index":"index","follow":"follow","max-snippet":"max-snippet:-1","max-image-preview":"max-image-preview:large","max-video-preview":"max-video-preview:-1"},"canonical":"https:\/\/altadesign.fi\/index.php\/fi\/yhteydenotto-lomake\/","og_locale":"fi_FI","og_type":"article","og_title":"Yhteydenotto - Alta Design","og_description":"Yhteydenottolomake. Sijainti: Uusimaa (Helsinki), Kymenlaakso (Kouvola), P\u00e4ij\u00e4t-H\u00e4me (Lahti)? Parempi palvelu\/ logo\/ br\u00e4ndi? Ota yhteytt\u00e4!","og_url":"https:\/\/altadesign.fi\/index.php\/fi\/yhteydenotto-lomake\/","og_site_name":"Alta Design","article_modified_time":"2025-09-30T06:07:12+00:00","twitter_card":"summary_large_image","twitter_misc":{"Arvioitu lukuaika":"1 minuutti"},"schema":{"@context":"https:\/\/schema.org","@graph":[{"@type":"WebPage","@id":"https:\/\/altadesign.fi\/index.php\/fi\/yhteydenotto-lomake\/","url":"https:\/\/altadesign.fi\/index.php\/fi\/yhteydenotto-lomake\/","name":"Yhteydenotto - Alta Design","isPartOf":{"@id":"https:\/\/altadesign.fi\/#website"},"datePublished":"2025-03-11T14:57:19+00:00","dateModified":"2025-09-30T06:07:12+00:00","description":"Yhteydenottolomake. Sijainti: Uusimaa (Helsinki), Kymenlaakso (Kouvola), P\u00e4ij\u00e4t-H\u00e4me (Lahti)? Parempi palvelu\/ logo\/ br\u00e4ndi? Ota yhteytt\u00e4!","breadcrumb":{"@id":"https:\/\/altadesign.fi\/index.php\/fi\/yhteydenotto-lomake\/#breadcrumb"},"inLanguage":"fi","potentialAction":[{"@type":"ReadAction","target":["https:\/\/altadesign.fi\/index.php\/fi\/yhteydenotto-lomake\/"]}]},{"@type":"BreadcrumbList","@id":"https:\/\/altadesign.fi\/index.php\/fi\/yhteydenotto-lomake\/#breadcrumb","itemListElement":[{"@type":"ListItem","position":1,"name":"Etusivu","item":"https:\/\/altadesign.fi\/index.php\/fi\/koti\/"},{"@type":"ListItem","position":2,"name":"Yhteydenotto"}]},{"@type":"WebSite","@id":"https:\/\/altadesign.fi\/#website","url":"https:\/\/altadesign.fi\/","name":"Alta Design","description":"Alta Design - Creative office | Service Design, Brand Design, Design advisory. Palvelumuotoilu, Br\u00e4ndisuunnittelu, Logosuunnittelu, Muotoilun asiantuntijapalvelut","publisher":{"@id":"https:\/\/altadesign.fi\/#organization"},"potentialAction":[{"@type":"SearchAction","target":{"@type":"EntryPoint","urlTemplate":"https:\/\/altadesign.fi\/?s={search_term_string}"},"query-input":{"@type":"PropertyValueSpecification","valueRequired":true,"valueName":"search_term_string"}}],"inLanguage":"fi"},{"@type":"Organization","@id":"https:\/\/altadesign.fi\/#organization","name":"Alta Design","url":"https:\/\/altadesign.fi\/","logo":{"@type":"ImageObject","inLanguage":"fi","@id":"https:\/\/altadesign.fi\/#\/schema\/logo\/image\/","url":"https:\/\/altadesign.fi\/wp-content\/uploads\/2025\/03\/160x103_web-logo-1.png","contentUrl":"https:\/\/altadesign.fi\/wp-content\/uploads\/2025\/03\/160x103_web-logo-1.png","width":161,"height":102,"caption":"Alta Design"},"image":{"@id":"https:\/\/altadesign.fi\/#\/schema\/logo\/image\/"}}]}},"_links":{"self":[{"href":"https:\/\/altadesign.fi\/index.php\/wp-json\/wp\/v2\/pages\/110","targetHints":{"allow":["GET"]}}],"collection":[{"href":"https:\/\/altadesign.fi\/index.php\/wp-json\/wp\/v2\/pages"}],"about":[{"href":"https:\/\/altadesign.fi\/index.php\/wp-json\/wp\/v2\/types\/page"}],"author":[{"embeddable":true,"href":"https:\/\/altadesign.fi\/index.php\/wp-json\/wp\/v2\/users\/1"}],"replies":[{"embeddable":true,"href":"https:\/\/altadesign.fi\/index.php\/wp-json\/wp\/v2\/comments?post=110"}],"version-history":[{"count":13,"href":"https:\/\/altadesign.fi\/index.php\/wp-json\/wp\/v2\/pages\/110\/revisions"}],"predecessor-version":[{"id":271,"href":"https:\/\/altadesign.fi\/index.php\/wp-json\/wp\/v2\/pages\/110\/revisions\/271"}],"wp:attachment":[{"href":"https:\/\/altadesign.fi\/index.php\/wp-json\/wp\/v2\/media?parent=110"}],"curies":[{"name":"wp","href":"https:\/\/api.w.org\/{rel}","templated":true}]}}