{"id":114,"date":"2025-03-11T16:29:31","date_gmt":"2025-03-11T16:29:31","guid":{"rendered":"https:\/\/altadesign.fi\/?page_id=114"},"modified":"2025-03-19T15:49:23","modified_gmt":"2025-03-19T15:49:23","slug":"palvelut-palvelumuotoilu-brandisuunnittelu-neuvontapalvelut","status":"publish","type":"page","link":"https:\/\/altadesign.fi\/index.php\/fi\/palvelut-palvelumuotoilu-brandisuunnittelu-neuvontapalvelut\/","title":{"rendered":"Palvelut"},"content":{"rendered":"\n<div class=\"gb-element-68b7a91f\"><div class=\"wp-block-image\">\n<figure class=\"aligncenter size-full\"><img loading=\"lazy\" decoding=\"async\" width=\"488\" height=\"121\" src=\"https:\/\/altadesign.fi\/wp-content\/uploads\/2025\/03\/Asset-8.png\" alt=\"Yrityksen Alta Design tarjoamat palvelut: palvelumuotoilu, br\u00e4ndisuunnittelu, konseptisuunnittelu, logosuunnittelu ja strateginen muotoilu.\" class=\"wp-image-177\" srcset=\"https:\/\/altadesign.fi\/wp-content\/uploads\/2025\/03\/Asset-8.png 488w, https:\/\/altadesign.fi\/wp-content\/uploads\/2025\/03\/Asset-8-300x74.png 300w\" sizes=\"auto, (max-width: 488px) 100vw, 488px\" \/><\/figure>\n<\/div><\/div>\n\n\n\n<div>\n<div class=\"gb-element-fb24cc39\">\n<div class=\"gb-element-82e494c2\">\n<h2 class=\"wp-block-heading has-text-align-center has-large-font-size\"><strong>Palvelumuotoilu<\/strong><\/h2>\n<\/div>\n\n\n\n<div>\n<h2 class=\"wp-block-heading has-text-align-center has-medium-font-size\"><em>Saumattomien ja k\u00e4ytt\u00e4j\u00e4keskeisten palvelujen muotoilua.<\/em><\/h2>\n\n\n\n<p class=\"gb-text gb-text-9cf8f3fa\">Suunnittelemme palveluita, jotka parantavat k\u00e4ytt\u00e4j\u00e4kokemusta, tehostavat prosesseja ja luovat merkityksellisi\u00e4 asiakaskohtaamisia. Suunnittelemme aina kartoituksesta toteutukseen asti ratkaisuja, jotka vaikuttavat ja tuottavat aitoa lis\u00e4arvoa.<\/p>\n<\/div>\n<\/div>\n<\/div>\n\n\n\n<div>\n<div class=\"gb-element-2abf1ff3\">\n<div class=\"gb-element-21d1b3b2\">\n<h2 class=\"wp-block-heading has-text-align-center has-text-color has-link-color has-large-font-size wp-elements-793e4725f11787e327d7fd77b380d99b\" style=\"color:#ffcc22\"><strong>Br\u00e4ndisuunnittelu<\/strong><\/h2>\n<\/div>\n\n\n\n<div>\n<h2 class=\"wp-block-heading has-text-align-center has-medium-font-size\"><em>Identiteetin rakentamista ja mielikuvien muovaamista.<\/em><\/h2>\n\n\n\n<p class=\"gb-text gb-text-33e20ccd\">Br\u00e4ndisi on enemm\u00e4n kuin pelkk\u00e4 logo \u2013 se on tarina. Luomme visuaalisia identiteettej\u00e4, viestint\u00e4\u00e4 ja strategioita, jotka auttavat br\u00e4ndej\u00e4 erottumaan ja tavoittamaan yleis\u00f6ns\u00e4.<\/p>\n<\/div>\n<\/div>\n<\/div>\n\n\n\n<div>\n<div class=\"gb-element-bc976527\">\n<div class=\"gb-element-2fedd64e\">\n<h2 class=\"wp-block-heading has-text-align-center has-text-color has-link-color has-large-font-size wp-elements-876e05efe003aaf5756c484a928d0eba\" style=\"color:#ffcc22\"><strong>Neuvontapalvelut<\/strong><\/h2>\n<\/div>\n\n\n\n<div>\n<h2 class=\"wp-block-heading has-text-align-center has-medium-font-size\"><em>Luovuuden mahdollistamista<\/em>.<\/h2>\n\n\n\n<p class=\"gb-text gb-text-7dd8d59e\">Tarjoamme asiantuntijatukea ja n\u00e4kemyksi\u00e4 strategiseen suunnitteluun sek\u00e4 koulutusta muotoilukyvykkyyden lis\u00e4\u00e4miseksi. Autamme yrityksi\u00e4 ja tiimej\u00e4 l\u00f6yt\u00e4m\u00e4\u00e4n ja hy\u00f6dynt\u00e4m\u00e4\u00e4n luovan potentiaalinsa.<\/p>\n<\/div>\n<\/div>\n<\/div>\n","protected":false},"excerpt":{"rendered":"<p>Palvelumuotoilu Saumattomien ja k\u00e4ytt\u00e4j\u00e4keskeisten palvelujen muotoilua. Suunnittelemme palveluita, jotka parantavat k\u00e4ytt\u00e4j\u00e4kokemusta, tehostavat prosesseja ja luovat merkityksellisi\u00e4 asiakaskohtaamisia. Suunnittelemme aina kartoituksesta toteutukseen asti ratkaisuja, jotka vaikuttavat ja tuottavat aitoa lis\u00e4arvoa. Br\u00e4ndisuunnittelu Identiteetin rakentamista ja mielikuvien muovaamista. Br\u00e4ndisi on enemm\u00e4n kuin pelkk\u00e4 logo \u2013 se on tarina. Luomme visuaalisia identiteettej\u00e4, viestint\u00e4\u00e4 ja strategioita, jotka auttavat br\u00e4ndej\u00e4 erottumaan &#8230; <a title=\"Palvelut\" class=\"read-more\" href=\"https:\/\/altadesign.fi\/index.php\/fi\/palvelut-palvelumuotoilu-brandisuunnittelu-neuvontapalvelut\/\" aria-label=\"Lue lis\u00e4\u00e4 aiheesta Palvelut\">Lue lis\u00e4\u00e4<\/a><\/p>\n","protected":false},"author":1,"featured_media":0,"parent":0,"menu_order":0,"comment_status":"closed","ping_status":"closed","template":"","meta":{"footnotes":""},"class_list":["post-114","page","type-page","status-publish"],"yoast_head":"<!-- This site is optimized with the Yoast SEO plugin v27.3 - https:\/\/yoast.com\/product\/yoast-seo-wordpress\/ -->\n<title>Palvelut - Alta Design<\/title>\n<meta name=\"description\" content=\"Palvelumuotoilu - K\u00e4ytt\u00e4j\u00e4l\u00e4ht\u00f6inen kehitt\u00e4minen, Br\u00e4ndisuunnittelu - logosuunnittelu &amp; visuaalinen identiteetti, Neuvonta &amp; koulutus\" \/>\n<meta name=\"robots\" content=\"index, follow, max-snippet:-1, max-image-preview:large, max-video-preview:-1\" \/>\n<link rel=\"canonical\" href=\"https:\/\/altadesign.fi\/index.php\/fi\/palvelut-palvelumuotoilu-brandisuunnittelu-neuvontapalvelut\/\" \/>\n<meta property=\"og:locale\" content=\"fi_FI\" \/>\n<meta property=\"og:type\" content=\"article\" \/>\n<meta property=\"og:title\" content=\"Palvelut - Alta Design\" \/>\n<meta property=\"og:description\" content=\"Palvelumuotoilu - K\u00e4ytt\u00e4j\u00e4l\u00e4ht\u00f6inen kehitt\u00e4minen, Br\u00e4ndisuunnittelu - logosuunnittelu &amp; visuaalinen identiteetti, Neuvonta &amp; koulutus\" \/>\n<meta property=\"og:url\" content=\"https:\/\/altadesign.fi\/index.php\/fi\/palvelut-palvelumuotoilu-brandisuunnittelu-neuvontapalvelut\/\" \/>\n<meta property=\"og:site_name\" content=\"Alta Design\" \/>\n<meta property=\"article:modified_time\" content=\"2025-03-19T15:49:23+00:00\" \/>\n<meta property=\"og:image\" content=\"https:\/\/altadesign.fi\/wp-content\/uploads\/2025\/03\/Asset-8.png\" \/>\n\t<meta property=\"og:image:width\" content=\"488\" \/>\n\t<meta property=\"og:image:height\" content=\"121\" \/>\n\t<meta property=\"og:image:type\" content=\"image\/png\" \/>\n<meta name=\"twitter:card\" content=\"summary_large_image\" \/>\n<meta name=\"twitter:label1\" content=\"Arvioitu lukuaika\" \/>\n\t<meta name=\"twitter:data1\" content=\"1 minuutti\" \/>\n<script type=\"application\/ld+json\" class=\"yoast-schema-graph\">{\"@context\":\"https:\\\/\\\/schema.org\",\"@graph\":[{\"@type\":\"WebPage\",\"@id\":\"https:\\\/\\\/altadesign.fi\\\/index.php\\\/fi\\\/palvelut-palvelumuotoilu-brandisuunnittelu-neuvontapalvelut\\\/\",\"url\":\"https:\\\/\\\/altadesign.fi\\\/index.php\\\/fi\\\/palvelut-palvelumuotoilu-brandisuunnittelu-neuvontapalvelut\\\/\",\"name\":\"Palvelut - Alta Design\",\"isPartOf\":{\"@id\":\"https:\\\/\\\/altadesign.fi\\\/#website\"},\"primaryImageOfPage\":{\"@id\":\"https:\\\/\\\/altadesign.fi\\\/index.php\\\/fi\\\/palvelut-palvelumuotoilu-brandisuunnittelu-neuvontapalvelut\\\/#primaryimage\"},\"image\":{\"@id\":\"https:\\\/\\\/altadesign.fi\\\/index.php\\\/fi\\\/palvelut-palvelumuotoilu-brandisuunnittelu-neuvontapalvelut\\\/#primaryimage\"},\"thumbnailUrl\":\"https:\\\/\\\/altadesign.fi\\\/wp-content\\\/uploads\\\/2025\\\/03\\\/Asset-8.png\",\"datePublished\":\"2025-03-11T16:29:31+00:00\",\"dateModified\":\"2025-03-19T15:49:23+00:00\",\"description\":\"Palvelumuotoilu - K\u00e4ytt\u00e4j\u00e4l\u00e4ht\u00f6inen kehitt\u00e4minen, Br\u00e4ndisuunnittelu - logosuunnittelu & visuaalinen identiteetti, Neuvonta & koulutus\",\"breadcrumb\":{\"@id\":\"https:\\\/\\\/altadesign.fi\\\/index.php\\\/fi\\\/palvelut-palvelumuotoilu-brandisuunnittelu-neuvontapalvelut\\\/#breadcrumb\"},\"inLanguage\":\"fi\",\"potentialAction\":[{\"@type\":\"ReadAction\",\"target\":[\"https:\\\/\\\/altadesign.fi\\\/index.php\\\/fi\\\/palvelut-palvelumuotoilu-brandisuunnittelu-neuvontapalvelut\\\/\"]}]},{\"@type\":\"ImageObject\",\"inLanguage\":\"fi\",\"@id\":\"https:\\\/\\\/altadesign.fi\\\/index.php\\\/fi\\\/palvelut-palvelumuotoilu-brandisuunnittelu-neuvontapalvelut\\\/#primaryimage\",\"url\":\"https:\\\/\\\/altadesign.fi\\\/wp-content\\\/uploads\\\/2025\\\/03\\\/Asset-8.png\",\"contentUrl\":\"https:\\\/\\\/altadesign.fi\\\/wp-content\\\/uploads\\\/2025\\\/03\\\/Asset-8.png\",\"width\":488,\"height\":121,\"caption\":\"Service Design, Concept Design, Strategic Design, Brand Design, Logo Design Palvelumuotoilu, Konseptisuunnittelu, Strateginen muotoilu, Logosuunnittelu, Br\u00e4ndisuunnittelu\"},{\"@type\":\"BreadcrumbList\",\"@id\":\"https:\\\/\\\/altadesign.fi\\\/index.php\\\/fi\\\/palvelut-palvelumuotoilu-brandisuunnittelu-neuvontapalvelut\\\/#breadcrumb\",\"itemListElement\":[{\"@type\":\"ListItem\",\"position\":1,\"name\":\"Etusivu\",\"item\":\"https:\\\/\\\/altadesign.fi\\\/index.php\\\/fi\\\/koti\\\/\"},{\"@type\":\"ListItem\",\"position\":2,\"name\":\"Palvelut\"}]},{\"@type\":\"WebSite\",\"@id\":\"https:\\\/\\\/altadesign.fi\\\/#website\",\"url\":\"https:\\\/\\\/altadesign.fi\\\/\",\"name\":\"Alta Design\",\"description\":\"Alta Design - Creative office | Service Design, Brand Design, Design advisory. Palvelumuotoilu, Br\u00e4ndisuunnittelu, Logosuunnittelu, Muotoilun asiantuntijapalvelut\",\"publisher\":{\"@id\":\"https:\\\/\\\/altadesign.fi\\\/#organization\"},\"potentialAction\":[{\"@type\":\"SearchAction\",\"target\":{\"@type\":\"EntryPoint\",\"urlTemplate\":\"https:\\\/\\\/altadesign.fi\\\/?s={search_term_string}\"},\"query-input\":{\"@type\":\"PropertyValueSpecification\",\"valueRequired\":true,\"valueName\":\"search_term_string\"}}],\"inLanguage\":\"fi\"},{\"@type\":\"Organization\",\"@id\":\"https:\\\/\\\/altadesign.fi\\\/#organization\",\"name\":\"Alta Design\",\"url\":\"https:\\\/\\\/altadesign.fi\\\/\",\"logo\":{\"@type\":\"ImageObject\",\"inLanguage\":\"fi\",\"@id\":\"https:\\\/\\\/altadesign.fi\\\/#\\\/schema\\\/logo\\\/image\\\/\",\"url\":\"https:\\\/\\\/altadesign.fi\\\/wp-content\\\/uploads\\\/2025\\\/03\\\/160x103_web-logo-1.png\",\"contentUrl\":\"https:\\\/\\\/altadesign.fi\\\/wp-content\\\/uploads\\\/2025\\\/03\\\/160x103_web-logo-1.png\",\"width\":161,\"height\":102,\"caption\":\"Alta Design\"},\"image\":{\"@id\":\"https:\\\/\\\/altadesign.fi\\\/#\\\/schema\\\/logo\\\/image\\\/\"}}]}<\/script>\n<!-- \/ Yoast SEO plugin. -->","yoast_head_json":{"title":"Palvelut - Alta Design","description":"Palvelumuotoilu - K\u00e4ytt\u00e4j\u00e4l\u00e4ht\u00f6inen kehitt\u00e4minen, Br\u00e4ndisuunnittelu - logosuunnittelu & visuaalinen identiteetti, Neuvonta & koulutus","robots":{"index":"index","follow":"follow","max-snippet":"max-snippet:-1","max-image-preview":"max-image-preview:large","max-video-preview":"max-video-preview:-1"},"canonical":"https:\/\/altadesign.fi\/index.php\/fi\/palvelut-palvelumuotoilu-brandisuunnittelu-neuvontapalvelut\/","og_locale":"fi_FI","og_type":"article","og_title":"Palvelut - Alta Design","og_description":"Palvelumuotoilu - K\u00e4ytt\u00e4j\u00e4l\u00e4ht\u00f6inen kehitt\u00e4minen, Br\u00e4ndisuunnittelu - logosuunnittelu & visuaalinen identiteetti, Neuvonta & koulutus","og_url":"https:\/\/altadesign.fi\/index.php\/fi\/palvelut-palvelumuotoilu-brandisuunnittelu-neuvontapalvelut\/","og_site_name":"Alta Design","article_modified_time":"2025-03-19T15:49:23+00:00","og_image":[{"width":488,"height":121,"url":"https:\/\/altadesign.fi\/wp-content\/uploads\/2025\/03\/Asset-8.png","type":"image\/png"}],"twitter_card":"summary_large_image","twitter_misc":{"Arvioitu lukuaika":"1 minuutti"},"schema":{"@context":"https:\/\/schema.org","@graph":[{"@type":"WebPage","@id":"https:\/\/altadesign.fi\/index.php\/fi\/palvelut-palvelumuotoilu-brandisuunnittelu-neuvontapalvelut\/","url":"https:\/\/altadesign.fi\/index.php\/fi\/palvelut-palvelumuotoilu-brandisuunnittelu-neuvontapalvelut\/","name":"Palvelut - Alta Design","isPartOf":{"@id":"https:\/\/altadesign.fi\/#website"},"primaryImageOfPage":{"@id":"https:\/\/altadesign.fi\/index.php\/fi\/palvelut-palvelumuotoilu-brandisuunnittelu-neuvontapalvelut\/#primaryimage"},"image":{"@id":"https:\/\/altadesign.fi\/index.php\/fi\/palvelut-palvelumuotoilu-brandisuunnittelu-neuvontapalvelut\/#primaryimage"},"thumbnailUrl":"https:\/\/altadesign.fi\/wp-content\/uploads\/2025\/03\/Asset-8.png","datePublished":"2025-03-11T16:29:31+00:00","dateModified":"2025-03-19T15:49:23+00:00","description":"Palvelumuotoilu - K\u00e4ytt\u00e4j\u00e4l\u00e4ht\u00f6inen kehitt\u00e4minen, Br\u00e4ndisuunnittelu - logosuunnittelu & visuaalinen identiteetti, Neuvonta & koulutus","breadcrumb":{"@id":"https:\/\/altadesign.fi\/index.php\/fi\/palvelut-palvelumuotoilu-brandisuunnittelu-neuvontapalvelut\/#breadcrumb"},"inLanguage":"fi","potentialAction":[{"@type":"ReadAction","target":["https:\/\/altadesign.fi\/index.php\/fi\/palvelut-palvelumuotoilu-brandisuunnittelu-neuvontapalvelut\/"]}]},{"@type":"ImageObject","inLanguage":"fi","@id":"https:\/\/altadesign.fi\/index.php\/fi\/palvelut-palvelumuotoilu-brandisuunnittelu-neuvontapalvelut\/#primaryimage","url":"https:\/\/altadesign.fi\/wp-content\/uploads\/2025\/03\/Asset-8.png","contentUrl":"https:\/\/altadesign.fi\/wp-content\/uploads\/2025\/03\/Asset-8.png","width":488,"height":121,"caption":"Service Design, Concept Design, Strategic Design, Brand Design, Logo Design Palvelumuotoilu, Konseptisuunnittelu, Strateginen muotoilu, Logosuunnittelu, Br\u00e4ndisuunnittelu"},{"@type":"BreadcrumbList","@id":"https:\/\/altadesign.fi\/index.php\/fi\/palvelut-palvelumuotoilu-brandisuunnittelu-neuvontapalvelut\/#breadcrumb","itemListElement":[{"@type":"ListItem","position":1,"name":"Etusivu","item":"https:\/\/altadesign.fi\/index.php\/fi\/koti\/"},{"@type":"ListItem","position":2,"name":"Palvelut"}]},{"@type":"WebSite","@id":"https:\/\/altadesign.fi\/#website","url":"https:\/\/altadesign.fi\/","name":"Alta Design","description":"Alta Design - Creative office | Service Design, Brand Design, Design advisory. Palvelumuotoilu, Br\u00e4ndisuunnittelu, Logosuunnittelu, Muotoilun asiantuntijapalvelut","publisher":{"@id":"https:\/\/altadesign.fi\/#organization"},"potentialAction":[{"@type":"SearchAction","target":{"@type":"EntryPoint","urlTemplate":"https:\/\/altadesign.fi\/?s={search_term_string}"},"query-input":{"@type":"PropertyValueSpecification","valueRequired":true,"valueName":"search_term_string"}}],"inLanguage":"fi"},{"@type":"Organization","@id":"https:\/\/altadesign.fi\/#organization","name":"Alta Design","url":"https:\/\/altadesign.fi\/","logo":{"@type":"ImageObject","inLanguage":"fi","@id":"https:\/\/altadesign.fi\/#\/schema\/logo\/image\/","url":"https:\/\/altadesign.fi\/wp-content\/uploads\/2025\/03\/160x103_web-logo-1.png","contentUrl":"https:\/\/altadesign.fi\/wp-content\/uploads\/2025\/03\/160x103_web-logo-1.png","width":161,"height":102,"caption":"Alta Design"},"image":{"@id":"https:\/\/altadesign.fi\/#\/schema\/logo\/image\/"}}]}},"_links":{"self":[{"href":"https:\/\/altadesign.fi\/index.php\/wp-json\/wp\/v2\/pages\/114","targetHints":{"allow":["GET"]}}],"collection":[{"href":"https:\/\/altadesign.fi\/index.php\/wp-json\/wp\/v2\/pages"}],"about":[{"href":"https:\/\/altadesign.fi\/index.php\/wp-json\/wp\/v2\/types\/page"}],"author":[{"embeddable":true,"href":"https:\/\/altadesign.fi\/index.php\/wp-json\/wp\/v2\/users\/1"}],"replies":[{"embeddable":true,"href":"https:\/\/altadesign.fi\/index.php\/wp-json\/wp\/v2\/comments?post=114"}],"version-history":[{"count":11,"href":"https:\/\/altadesign.fi\/index.php\/wp-json\/wp\/v2\/pages\/114\/revisions"}],"predecessor-version":[{"id":239,"href":"https:\/\/altadesign.fi\/index.php\/wp-json\/wp\/v2\/pages\/114\/revisions\/239"}],"wp:attachment":[{"href":"https:\/\/altadesign.fi\/index.php\/wp-json\/wp\/v2\/media?parent=114"}],"curies":[{"name":"wp","href":"https:\/\/api.w.org\/{rel}","templated":true}]}}