{"id":27,"date":"2025-03-07T16:15:32","date_gmt":"2025-03-07T16:15:32","guid":{"rendered":"https:\/\/altadesign.fi\/?page_id=27"},"modified":"2025-09-30T06:10:54","modified_gmt":"2025-09-30T06:10:54","slug":"contact-form-information","status":"publish","type":"page","link":"https:\/\/altadesign.fi\/index.php\/contact-form-information\/","title":{"rendered":"Contact"},"content":{"rendered":"\n<h2 class=\"wp-block-heading\" style=\"letter-spacing:2px\">Contact<\/h2>\n\n\n\n<div class=\"gb-element-9039ad3a\">\n<h1 class=\"gb-text gb-text-16f8c16e\">Would you like to develop your products or create better services by service design? Need a new logo or brand enhancement? Want to know more about user centered design or how to level up your organizations design maturity?<\/h1>\n\n\n\n<p>Contact by filling the form below, and let\u2019s discuss how we can bring your vision to life.<\/p>\n<\/div>\n\n\n\n<div>\n<div class=\"wp-block-contact-form-7-contact-form-selector\">\n<div class=\"wpcf7 no-js\" id=\"wpcf7-f5-o1\" lang=\"fi\" dir=\"ltr\" data-wpcf7-id=\"5\">\n<div class=\"screen-reader-response\"><p role=\"status\" aria-live=\"polite\" aria-atomic=\"true\"><\/p> <ul><\/ul><\/div>\n<form action=\"\/index.php\/wp-json\/wp\/v2\/pages\/27#wpcf7-f5-o1\" method=\"post\" class=\"wpcf7-form init\" aria-label=\"Yhteydenottolomake\" novalidate=\"novalidate\" data-status=\"init\">\n<fieldset class=\"hidden-fields-container\"><input type=\"hidden\" name=\"_wpcf7\" value=\"5\" \/><input type=\"hidden\" name=\"_wpcf7_version\" value=\"6.1.5\" \/><input type=\"hidden\" name=\"_wpcf7_locale\" value=\"fi\" \/><input type=\"hidden\" name=\"_wpcf7_unit_tag\" value=\"wpcf7-f5-o1\" \/><input type=\"hidden\" name=\"_wpcf7_container_post\" value=\"0\" \/><input type=\"hidden\" name=\"_wpcf7_posted_data_hash\" value=\"\" \/>\n<\/fieldset>\n<p><label> Name<br \/>\n<span class=\"wpcf7-form-control-wrap\" data-name=\"your-name\"><input size=\"40\" maxlength=\"400\" class=\"wpcf7-form-control wpcf7-text wpcf7-validates-as-required\" autocomplete=\"name\" aria-required=\"true\" aria-invalid=\"false\" value=\"\" type=\"text\" name=\"your-name\" \/><\/span> <\/label>\n<\/p>\n<p><label> Company<br \/>\n<span class=\"wpcf7-form-control-wrap\" data-name=\"text-159\"><input size=\"40\" maxlength=\"400\" class=\"wpcf7-form-control wpcf7-text wpcf7-validates-as-required\" aria-required=\"true\" aria-invalid=\"false\" value=\"\" type=\"text\" name=\"text-159\" \/><\/span> <\/label>\n<\/p>\n<p><label> E-mail<br \/>\n<span class=\"wpcf7-form-control-wrap\" data-name=\"your-email\"><input size=\"40\" maxlength=\"400\" class=\"wpcf7-form-control wpcf7-email wpcf7-validates-as-required wpcf7-text wpcf7-validates-as-email\" autocomplete=\"email\" aria-required=\"true\" aria-invalid=\"false\" value=\"\" type=\"email\" name=\"your-email\" \/><\/span> <\/label>\n<\/p>\n<p><label> Subject<br \/>\n<span class=\"wpcf7-form-control-wrap\" data-name=\"your-subject\"><input size=\"40\" maxlength=\"400\" class=\"wpcf7-form-control wpcf7-text wpcf7-validates-as-required\" aria-required=\"true\" aria-invalid=\"false\" value=\"\" type=\"text\" name=\"your-subject\" \/><\/span> <\/label>\n<\/p>\n<p><label> Message<br \/>\n<span class=\"wpcf7-form-control-wrap\" data-name=\"your-message\"><textarea cols=\"40\" rows=\"10\" maxlength=\"2000\" class=\"wpcf7-form-control wpcf7-textarea\" aria-invalid=\"false\" name=\"your-message\"><\/textarea><\/span> <\/label>\n<\/p>\n<p><input class=\"wpcf7-form-control wpcf7-submit has-spinner\" type=\"submit\" value=\"Submit\" \/>\n<\/p><p style=\"display: none !important;\" class=\"akismet-fields-container\" data-prefix=\"_wpcf7_ak_\"><label>&#916;<textarea name=\"_wpcf7_ak_hp_textarea\" cols=\"45\" rows=\"8\" maxlength=\"100\"><\/textarea><\/label><input type=\"hidden\" id=\"ak_js_1\" name=\"_wpcf7_ak_js\" value=\"108\"\/><script>\ndocument.getElementById( \"ak_js_1\" ).setAttribute( \"value\", ( new Date() ).getTime() );\n<\/script>\n<\/p><div class=\"wpcf7-response-output\" aria-hidden=\"true\"><\/div>\n<\/form>\n<\/div>\n<\/div>\n<\/div>\n\n\n\n<div>\n<p class=\"gb-text\"><a href=\"https:\/\/altadesign.fi\/index.php\/tietosuojailmoitus-privacy-notice\/\">Privacy notice<\/a><\/p>\n<\/div>\n","protected":false},"excerpt":{"rendered":"<p>Contact Would you like to develop your products or create better services by service design? Need a new logo or brand enhancement? Want to know more about user centered design or how to level up your organizations design maturity? Contact by filling the form below, and let\u2019s discuss how we can bring your vision to &#8230; <a title=\"Contact\" class=\"read-more\" href=\"https:\/\/altadesign.fi\/index.php\/contact-form-information\/\" aria-label=\"Lue lis\u00e4\u00e4 aiheesta Contact\">Lue lis\u00e4\u00e4<\/a><\/p>\n","protected":false},"author":1,"featured_media":0,"parent":0,"menu_order":0,"comment_status":"closed","ping_status":"closed","template":"","meta":{"footnotes":""},"class_list":["post-27","page","type-page","status-publish"],"yoast_head":"<!-- This site is optimized with the Yoast SEO plugin v27.4 - https:\/\/yoast.com\/product\/yoast-seo-wordpress\/ -->\n<title>Contact - Alta Design<\/title>\n<meta name=\"description\" content=\"Locations anywhere near: Uusimaa (Helsinki), Kymenlaakso (Kouvola), P\u00e4ij\u00e4t-H\u00e4me (Lahti) In need of enhanced service\/ logo\/ brand? Contact!\" \/>\n<meta name=\"robots\" content=\"index, follow, max-snippet:-1, max-image-preview:large, max-video-preview:-1\" \/>\n<link rel=\"canonical\" href=\"https:\/\/altadesign.fi\/index.php\/contact-form-information\/\" \/>\n<meta property=\"og:locale\" content=\"fi_FI\" \/>\n<meta property=\"og:type\" content=\"article\" \/>\n<meta property=\"og:title\" content=\"Contact - Alta Design\" \/>\n<meta property=\"og:description\" content=\"Locations anywhere near: Uusimaa (Helsinki), Kymenlaakso (Kouvola), P\u00e4ij\u00e4t-H\u00e4me (Lahti) In need of enhanced service\/ logo\/ brand? Contact!\" \/>\n<meta property=\"og:url\" content=\"https:\/\/altadesign.fi\/index.php\/contact-form-information\/\" \/>\n<meta property=\"og:site_name\" content=\"Alta Design\" \/>\n<meta property=\"article:modified_time\" content=\"2025-09-30T06:10:54+00:00\" \/>\n<meta name=\"twitter:card\" content=\"summary_large_image\" \/>\n<meta name=\"twitter:label1\" content=\"Arvioitu lukuaika\" \/>\n\t<meta name=\"twitter:data1\" content=\"1 minuutti\" \/>\n<script type=\"application\/ld+json\" class=\"yoast-schema-graph\">{\"@context\":\"https:\\\/\\\/schema.org\",\"@graph\":[{\"@type\":\"WebPage\",\"@id\":\"https:\\\/\\\/altadesign.fi\\\/index.php\\\/contact-form-information\\\/\",\"url\":\"https:\\\/\\\/altadesign.fi\\\/index.php\\\/contact-form-information\\\/\",\"name\":\"Contact - Alta Design\",\"isPartOf\":{\"@id\":\"https:\\\/\\\/altadesign.fi\\\/#website\"},\"datePublished\":\"2025-03-07T16:15:32+00:00\",\"dateModified\":\"2025-09-30T06:10:54+00:00\",\"description\":\"Locations anywhere near: Uusimaa (Helsinki), Kymenlaakso (Kouvola), P\u00e4ij\u00e4t-H\u00e4me (Lahti) In need of enhanced service\\\/ logo\\\/ brand? Contact!\",\"breadcrumb\":{\"@id\":\"https:\\\/\\\/altadesign.fi\\\/index.php\\\/contact-form-information\\\/#breadcrumb\"},\"inLanguage\":\"fi\",\"potentialAction\":[{\"@type\":\"ReadAction\",\"target\":[\"https:\\\/\\\/altadesign.fi\\\/index.php\\\/contact-form-information\\\/\"]}]},{\"@type\":\"BreadcrumbList\",\"@id\":\"https:\\\/\\\/altadesign.fi\\\/index.php\\\/contact-form-information\\\/#breadcrumb\",\"itemListElement\":[{\"@type\":\"ListItem\",\"position\":1,\"name\":\"Etusivu\",\"item\":\"https:\\\/\\\/altadesign.fi\\\/index.php\\\/fi\\\/koti\\\/\"},{\"@type\":\"ListItem\",\"position\":2,\"name\":\"Contact\"}]},{\"@type\":\"WebSite\",\"@id\":\"https:\\\/\\\/altadesign.fi\\\/#website\",\"url\":\"https:\\\/\\\/altadesign.fi\\\/\",\"name\":\"Alta Design\",\"description\":\"Alta Design - Creative office | Service Design, Brand Design, Design advisory. Palvelumuotoilu, Br\u00e4ndisuunnittelu, Logosuunnittelu, Muotoilun asiantuntijapalvelut\",\"publisher\":{\"@id\":\"https:\\\/\\\/altadesign.fi\\\/#organization\"},\"potentialAction\":[{\"@type\":\"SearchAction\",\"target\":{\"@type\":\"EntryPoint\",\"urlTemplate\":\"https:\\\/\\\/altadesign.fi\\\/?s={search_term_string}\"},\"query-input\":{\"@type\":\"PropertyValueSpecification\",\"valueRequired\":true,\"valueName\":\"search_term_string\"}}],\"inLanguage\":\"fi\"},{\"@type\":\"Organization\",\"@id\":\"https:\\\/\\\/altadesign.fi\\\/#organization\",\"name\":\"Alta Design\",\"url\":\"https:\\\/\\\/altadesign.fi\\\/\",\"logo\":{\"@type\":\"ImageObject\",\"inLanguage\":\"fi\",\"@id\":\"https:\\\/\\\/altadesign.fi\\\/#\\\/schema\\\/logo\\\/image\\\/\",\"url\":\"https:\\\/\\\/altadesign.fi\\\/wp-content\\\/uploads\\\/2025\\\/03\\\/160x103_web-logo-1.png\",\"contentUrl\":\"https:\\\/\\\/altadesign.fi\\\/wp-content\\\/uploads\\\/2025\\\/03\\\/160x103_web-logo-1.png\",\"width\":161,\"height\":102,\"caption\":\"Alta Design\"},\"image\":{\"@id\":\"https:\\\/\\\/altadesign.fi\\\/#\\\/schema\\\/logo\\\/image\\\/\"}}]}<\/script>\n<!-- \/ Yoast SEO plugin. -->","yoast_head_json":{"title":"Contact - Alta Design","description":"Locations anywhere near: Uusimaa (Helsinki), Kymenlaakso (Kouvola), P\u00e4ij\u00e4t-H\u00e4me (Lahti) In need of enhanced service\/ logo\/ brand? Contact!","robots":{"index":"index","follow":"follow","max-snippet":"max-snippet:-1","max-image-preview":"max-image-preview:large","max-video-preview":"max-video-preview:-1"},"canonical":"https:\/\/altadesign.fi\/index.php\/contact-form-information\/","og_locale":"fi_FI","og_type":"article","og_title":"Contact - Alta Design","og_description":"Locations anywhere near: Uusimaa (Helsinki), Kymenlaakso (Kouvola), P\u00e4ij\u00e4t-H\u00e4me (Lahti) In need of enhanced service\/ logo\/ brand? Contact!","og_url":"https:\/\/altadesign.fi\/index.php\/contact-form-information\/","og_site_name":"Alta Design","article_modified_time":"2025-09-30T06:10:54+00:00","twitter_card":"summary_large_image","twitter_misc":{"Arvioitu lukuaika":"1 minuutti"},"schema":{"@context":"https:\/\/schema.org","@graph":[{"@type":"WebPage","@id":"https:\/\/altadesign.fi\/index.php\/contact-form-information\/","url":"https:\/\/altadesign.fi\/index.php\/contact-form-information\/","name":"Contact - Alta Design","isPartOf":{"@id":"https:\/\/altadesign.fi\/#website"},"datePublished":"2025-03-07T16:15:32+00:00","dateModified":"2025-09-30T06:10:54+00:00","description":"Locations anywhere near: Uusimaa (Helsinki), Kymenlaakso (Kouvola), P\u00e4ij\u00e4t-H\u00e4me (Lahti) In need of enhanced service\/ logo\/ brand? Contact!","breadcrumb":{"@id":"https:\/\/altadesign.fi\/index.php\/contact-form-information\/#breadcrumb"},"inLanguage":"fi","potentialAction":[{"@type":"ReadAction","target":["https:\/\/altadesign.fi\/index.php\/contact-form-information\/"]}]},{"@type":"BreadcrumbList","@id":"https:\/\/altadesign.fi\/index.php\/contact-form-information\/#breadcrumb","itemListElement":[{"@type":"ListItem","position":1,"name":"Etusivu","item":"https:\/\/altadesign.fi\/index.php\/fi\/koti\/"},{"@type":"ListItem","position":2,"name":"Contact"}]},{"@type":"WebSite","@id":"https:\/\/altadesign.fi\/#website","url":"https:\/\/altadesign.fi\/","name":"Alta Design","description":"Alta Design - Creative office | Service Design, Brand Design, Design advisory. Palvelumuotoilu, Br\u00e4ndisuunnittelu, Logosuunnittelu, Muotoilun asiantuntijapalvelut","publisher":{"@id":"https:\/\/altadesign.fi\/#organization"},"potentialAction":[{"@type":"SearchAction","target":{"@type":"EntryPoint","urlTemplate":"https:\/\/altadesign.fi\/?s={search_term_string}"},"query-input":{"@type":"PropertyValueSpecification","valueRequired":true,"valueName":"search_term_string"}}],"inLanguage":"fi"},{"@type":"Organization","@id":"https:\/\/altadesign.fi\/#organization","name":"Alta Design","url":"https:\/\/altadesign.fi\/","logo":{"@type":"ImageObject","inLanguage":"fi","@id":"https:\/\/altadesign.fi\/#\/schema\/logo\/image\/","url":"https:\/\/altadesign.fi\/wp-content\/uploads\/2025\/03\/160x103_web-logo-1.png","contentUrl":"https:\/\/altadesign.fi\/wp-content\/uploads\/2025\/03\/160x103_web-logo-1.png","width":161,"height":102,"caption":"Alta Design"},"image":{"@id":"https:\/\/altadesign.fi\/#\/schema\/logo\/image\/"}}]}},"_links":{"self":[{"href":"https:\/\/altadesign.fi\/index.php\/wp-json\/wp\/v2\/pages\/27","targetHints":{"allow":["GET"]}}],"collection":[{"href":"https:\/\/altadesign.fi\/index.php\/wp-json\/wp\/v2\/pages"}],"about":[{"href":"https:\/\/altadesign.fi\/index.php\/wp-json\/wp\/v2\/types\/page"}],"author":[{"embeddable":true,"href":"https:\/\/altadesign.fi\/index.php\/wp-json\/wp\/v2\/users\/1"}],"replies":[{"embeddable":true,"href":"https:\/\/altadesign.fi\/index.php\/wp-json\/wp\/v2\/comments?post=27"}],"version-history":[{"count":12,"href":"https:\/\/altadesign.fi\/index.php\/wp-json\/wp\/v2\/pages\/27\/revisions"}],"predecessor-version":[{"id":273,"href":"https:\/\/altadesign.fi\/index.php\/wp-json\/wp\/v2\/pages\/27\/revisions\/273"}],"wp:attachment":[{"href":"https:\/\/altadesign.fi\/index.php\/wp-json\/wp\/v2\/media?parent=27"}],"curies":[{"name":"wp","href":"https:\/\/api.w.org\/{rel}","templated":true}]}}